{"id":10214,"date":"2026-04-21T20:17:40","date_gmt":"2026-04-21T18:17:40","guid":{"rendered":"https:\/\/trekronaa.no\/?post_type=product&#038;p=10214"},"modified":"2026-04-28T13:59:07","modified_gmt":"2026-04-28T11:59:07","slug":"gavekort-4100-kr","status":"publish","type":"product","link":"https:\/\/trekronaa.no\/en\/product\/gavekort-4100-kr\/","title":{"rendered":"Gavekort 4100 kr"},"content":{"rendered":"<p data-start=\"484\" data-end=\"589\">Gi bort en opplevelse hos Trekron\u00e5 med et gavekort som kan brukes ved booking av opphold p\u00e5 trekronaa.no.<\/p>\n<p data-start=\"591\" data-end=\"747\">Gavekortet kj\u00f8pes enkelt p\u00e5 nett, og etter gjennomf\u00f8rt kj\u00f8p sendes gavekortkoden automatisk p\u00e5 e-post. Koden brukes i bookingsteget n\u00e5r oppholdet bestilles.<\/p>\n<p data-start=\"749\" data-end=\"903\">Dersom hele gavekortbel\u00f8pet ikke brukes opp ved f\u00f8rste bestilling, opprettes restbel\u00f8pet automatisk som en ny gavekortkode og sendes til kunden p\u00e5 e-post.<\/p>\n<p data-start=\"905\" data-end=\"929\"><strong data-start=\"905\" data-end=\"929\">Praktisk informasjon<\/strong><\/p>\n<ul data-start=\"930\" data-end=\"1173\">\n<li data-section-id=\"nstxhl\" data-start=\"930\" data-end=\"977\">Gavekortet brukes ved booking p\u00e5 trekronaa.no<\/li>\n<li data-section-id=\"1hx5ad0\" data-start=\"978\" data-end=\"1012\">Gjelder overnatting hos Trekron\u00e5<\/li>\n<li data-section-id=\"vwxvor\" data-start=\"1013\" data-end=\"1049\">\u00c9n gavekortkode brukes per booking<\/li>\n<li data-section-id=\"7ccclf\" data-start=\"1050\" data-end=\"1131\">Restbel\u00f8p sendes automatisk som ny gavekortkode dersom hele bel\u00f8pet ikke brukes<\/li>\n<li data-section-id=\"10qc4d0\" data-start=\"1132\" data-end=\"1173\">Gavekort kan ikke l\u00f8ses inn i kontanter<\/li>\n<\/ul>\n<p data-start=\"1175\" data-end=\"1205\">Du kan lese mer i v\u00e5re <a href=\"\/en\/vilkar\/\">vilk\u00e5r.<\/a><\/p>","protected":false},"excerpt":{"rendered":"<p>Gavekort p\u00e5 4100 kr som kan brukes ved booking av opphold hos Trekron\u00e5. Dersom hele bel\u00f8pet ikke brukes opp, sendes restbel\u00f8pet automatisk som en ny gavekortkode p\u00e5 e-post.<\/p>","protected":false},"featured_media":10374,"comment_status":"closed","ping_status":"closed","template":"","meta":{"inline_featured_image":false},"product_brand":[],"product_cat":[109],"product_tag":[],"class_list":{"0":"post-10214","1":"product","2":"type-product","3":"status-publish","4":"has-post-thumbnail","6":"product_cat-gavekort","8":"first","9":"instock","10":"virtual","11":"purchasable","12":"product-type-simple"},"_links":{"self":[{"href":"https:\/\/trekronaa.no\/en\/wp-json\/wp\/v2\/product\/10214","targetHints":{"allow":["GET"]}}],"collection":[{"href":"https:\/\/trekronaa.no\/en\/wp-json\/wp\/v2\/product"}],"about":[{"href":"https:\/\/trekronaa.no\/en\/wp-json\/wp\/v2\/types\/product"}],"replies":[{"embeddable":true,"href":"https:\/\/trekronaa.no\/en\/wp-json\/wp\/v2\/comments?post=10214"}],"wp:featuredmedia":[{"embeddable":true,"href":"https:\/\/trekronaa.no\/en\/wp-json\/wp\/v2\/media\/10374"}],"wp:attachment":[{"href":"https:\/\/trekronaa.no\/en\/wp-json\/wp\/v2\/media?parent=10214"}],"wp:term":[{"taxonomy":"product_brand","embeddable":true,"href":"https:\/\/trekronaa.no\/en\/wp-json\/wp\/v2\/product_brand?post=10214"},{"taxonomy":"product_cat","embeddable":true,"href":"https:\/\/trekronaa.no\/en\/wp-json\/wp\/v2\/product_cat?post=10214"},{"taxonomy":"product_tag","embeddable":true,"href":"https:\/\/trekronaa.no\/en\/wp-json\/wp\/v2\/product_tag?post=10214"}],"curies":[{"name":"wp","href":"https:\/\/api.w.org\/{rel}","templated":true}]}}