{"id":9896,"date":"2026-02-24T14:43:43","date_gmt":"2026-02-24T13:43:43","guid":{"rendered":"https:\/\/trekronaa.no\/?page_id=9896"},"modified":"2026-03-09T19:41:54","modified_gmt":"2026-03-09T18:41:54","slug":"tilbakemelding","status":"publish","type":"page","link":"https:\/\/trekronaa.no\/en\/tilbakemelding\/","title":{"rendered":"Tilbakemelding"},"content":{"rendered":"\t\t<div data-elementor-type=\"wp-page\" data-elementor-id=\"9896\" class=\"elementor elementor-9896\" data-elementor-post-type=\"page\">\n\t\t\t\t\t\t<section class=\"elementor-section elementor-top-section elementor-element elementor-element-3921de82 elementor-section-full_width elementor-section-height-default elementor-section-height-default\" data-id=\"3921de82\" data-element_type=\"section\" data-e-type=\"section\">\n\t\t\t\t\t\t<div class=\"elementor-container elementor-column-gap-no\">\n\t\t\t\t\t<div class=\"elementor-column elementor-col-100 elementor-top-column elementor-element elementor-element-13e19aa0\" data-id=\"13e19aa0\" data-element_type=\"column\" data-e-type=\"column\">\n\t\t\t<div class=\"elementor-widget-wrap elementor-element-populated\">\n\t\t\t\t\t\t<div class=\"elementor-element elementor-element-5212bb3b elementor-widget elementor-widget-heading\" data-id=\"5212bb3b\" data-element_type=\"widget\" data-e-type=\"widget\" data-widget_type=\"heading.default\">\n\t\t\t\t<div class=\"elementor-widget-container\">\n\t\t\t\t\t<h2 class=\"elementor-heading-title elementor-size-default\">Gi oss en tilbakemelding<\/h2>\t\t\t\t<\/div>\n\t\t\t\t<\/div>\n\t\t\t\t<div class=\"elementor-element elementor-element-54a201e elementor-widget elementor-widget-text-editor\" data-id=\"54a201e\" data-element_type=\"widget\" data-e-type=\"widget\" data-widget_type=\"text-editor.default\">\n\t\t\t\t<div class=\"elementor-widget-container\">\n\t\t\t\t\t\t\t\t\t<p data-start=\"204\" data-end=\"307\"><em data-start=\"248\" data-end=\"307\">Tar ca. 1 minutt (8 sp\u00f8rsm\u00e5l). Du kan svare helt anonymt.<\/em><\/p><p data-start=\"309\" data-end=\"381\"><strong data-start=\"309\" data-end=\"323\">Svarskala:<\/strong><br data-start=\"323\" data-end=\"326\" \/>1 = D\u00e5rlig \/ vanskelig<br data-start=\"348\" data-end=\"351\" \/>5 = Veldig bra \/ veldig enkelt<\/p>\t\t\t\t\t\t\t\t<\/div>\n\t\t\t\t<\/div>\n\t\t\t\t\t<\/div>\n\t\t<\/div>\n\t\t\t\t\t<\/div>\n\t\t<\/section>\n\t\t\t\t<section class=\"elementor-section elementor-top-section elementor-element elementor-element-6d75d01 elementor-section-full_width elementor-section-content-middle elementor-section-height-default elementor-section-height-default\" data-id=\"6d75d01\" data-element_type=\"section\" data-e-type=\"section\" data-settings=\"{&quot;background_background&quot;:&quot;classic&quot;}\">\n\t\t\t\t\t\t<div class=\"elementor-container elementor-column-gap-no\">\n\t\t\t\t\t<div class=\"elementor-column elementor-col-100 elementor-top-column elementor-element elementor-element-a0dd002\" data-id=\"a0dd002\" data-element_type=\"column\" data-e-type=\"column\">\n\t\t\t<div class=\"elementor-widget-wrap elementor-element-populated\">\n\t\t\t\t\t\t<div class=\"elementor-element elementor-element-c08cc96 elementor-button-align-center elementor-widget elementor-widget-form\" data-id=\"c08cc96\" data-element_type=\"widget\" data-e-type=\"widget\" data-settings=\"{&quot;step_next_label&quot;:&quot;Neste&quot;,&quot;step_previous_label&quot;:&quot;Forrige&quot;,&quot;button_width&quot;:&quot;100&quot;,&quot;step_type&quot;:&quot;number_text&quot;,&quot;step_icon_shape&quot;:&quot;circle&quot;}\" data-widget_type=\"form.default\">\n\t\t\t\t<div class=\"elementor-widget-container\">\n\t\t\t\t\t\t\t<form class=\"elementor-form\" method=\"post\" name=\"Contact Form\" aria-label=\"Contact Form\">\n\t\t\t<input type=\"hidden\" name=\"post_id\" value=\"9896\"\/>\n\t\t\t<input type=\"hidden\" name=\"form_id\" value=\"c08cc96\"\/>\n\t\t\t<input type=\"hidden\" name=\"referer_title\" value=\"Tilbakemelding - Trekron\u00e5\" \/>\n\n\t\t\t\t\t\t\t<input type=\"hidden\" name=\"queried_id\" value=\"9896\"\/>\n\t\t\t\n\t\t\t<div class=\"elementor-form-fields-wrapper elementor-labels-above\">\n\t\t\t\t\t\t\t\t<div class=\"elementor-field-type-radio elementor-field-group elementor-column elementor-field-group-field_407ccd0 elementor-col-100 elementor-field-required elementor-mark-required\">\n\t\t\t\t\t\t\t\t\t\t\t\t<label for=\"form-field-field_407ccd0\" class=\"elementor-field-label\">\n\t\t\t\t\t\t\t\tHvor enkelt var det \u00e5 booke p\u00e5 nettsiden? (1\u20135)\t\t\t\t\t\t\t<\/label>\n\t\t\t\t\t\t<div class=\"elementor-field-subgroup  elementor-subgroup-inline\"><span class=\"elementor-field-option\"><input type=\"radio\" value=\"1\" id=\"form-field-field_407ccd0-0\" name=\"form_fields[field_407ccd0]\" required=\"required\"> <label for=\"form-field-field_407ccd0-0\">1<\/label><\/span><span class=\"elementor-field-option\"><input type=\"radio\" value=\"2\" id=\"form-field-field_407ccd0-1\" name=\"form_fields[field_407ccd0]\" required=\"required\"> <label for=\"form-field-field_407ccd0-1\">2<\/label><\/span><span class=\"elementor-field-option\"><input type=\"radio\" value=\"3\" id=\"form-field-field_407ccd0-2\" name=\"form_fields[field_407ccd0]\" required=\"required\"> <label for=\"form-field-field_407ccd0-2\">3<\/label><\/span><span class=\"elementor-field-option\"><input type=\"radio\" value=\"4\" id=\"form-field-field_407ccd0-3\" name=\"form_fields[field_407ccd0]\" required=\"required\"> <label for=\"form-field-field_407ccd0-3\">4<\/label><\/span><span class=\"elementor-field-option\"><input type=\"radio\" value=\"5\" id=\"form-field-field_407ccd0-4\" name=\"form_fields[field_407ccd0]\" required=\"required\"> <label for=\"form-field-field_407ccd0-4\">5<\/label><\/span><\/div>\t\t\t\t<\/div>\n\t\t\t\t\t\t\t\t<div class=\"elementor-field-type-radio elementor-field-group elementor-column elementor-field-group-field_426238c elementor-col-100 elementor-field-required elementor-mark-required\">\n\t\t\t\t\t\t\t\t\t\t\t\t<label for=\"form-field-field_426238c\" class=\"elementor-field-label\">\n\t\t\t\t\t\t\t\tHvor forn\u00f8yd var du med informasjonen f\u00f8r ankomst?\t\t\t\t\t\t\t<\/label>\n\t\t\t\t\t\t<div class=\"elementor-field-subgroup  elementor-subgroup-inline\"><span class=\"elementor-field-option\"><input type=\"radio\" value=\"1\" id=\"form-field-field_426238c-0\" name=\"form_fields[field_426238c]\" required=\"required\"> <label for=\"form-field-field_426238c-0\">1<\/label><\/span><span class=\"elementor-field-option\"><input type=\"radio\" value=\"2\" id=\"form-field-field_426238c-1\" name=\"form_fields[field_426238c]\" required=\"required\"> <label for=\"form-field-field_426238c-1\">2<\/label><\/span><span class=\"elementor-field-option\"><input type=\"radio\" value=\"3\" id=\"form-field-field_426238c-2\" name=\"form_fields[field_426238c]\" required=\"required\"> <label for=\"form-field-field_426238c-2\">3<\/label><\/span><span class=\"elementor-field-option\"><input type=\"radio\" value=\"4\" id=\"form-field-field_426238c-3\" name=\"form_fields[field_426238c]\" required=\"required\"> <label for=\"form-field-field_426238c-3\">4<\/label><\/span><span class=\"elementor-field-option\"><input type=\"radio\" value=\"5\" id=\"form-field-field_426238c-4\" name=\"form_fields[field_426238c]\" required=\"required\"> <label for=\"form-field-field_426238c-4\">5<\/label><\/span><\/div>\t\t\t\t<\/div>\n\t\t\t\t\t\t\t\t<div class=\"elementor-field-type-radio elementor-field-group elementor-column elementor-field-group-field_c92e82c elementor-col-100 elementor-field-required elementor-mark-required\">\n\t\t\t\t\t\t\t\t\t\t\t\t<label for=\"form-field-field_c92e82c\" class=\"elementor-field-label\">\n\t\t\t\t\t\t\t\tHvor forn\u00f8yd var du totalt sett med oppholdet?\t\t\t\t\t\t\t<\/label>\n\t\t\t\t\t\t<div class=\"elementor-field-subgroup  elementor-subgroup-inline\"><span class=\"elementor-field-option\"><input type=\"radio\" value=\"1\" id=\"form-field-field_c92e82c-0\" name=\"form_fields[field_c92e82c]\" required=\"required\"> <label for=\"form-field-field_c92e82c-0\">1<\/label><\/span><span class=\"elementor-field-option\"><input type=\"radio\" value=\"2\" id=\"form-field-field_c92e82c-1\" name=\"form_fields[field_c92e82c]\" required=\"required\"> <label for=\"form-field-field_c92e82c-1\">2<\/label><\/span><span class=\"elementor-field-option\"><input type=\"radio\" value=\"3\" id=\"form-field-field_c92e82c-2\" name=\"form_fields[field_c92e82c]\" required=\"required\"> <label for=\"form-field-field_c92e82c-2\">3<\/label><\/span><span class=\"elementor-field-option\"><input type=\"radio\" value=\"4\" id=\"form-field-field_c92e82c-3\" name=\"form_fields[field_c92e82c]\" required=\"required\"> <label for=\"form-field-field_c92e82c-3\">4<\/label><\/span><span class=\"elementor-field-option\"><input type=\"radio\" value=\"5\" id=\"form-field-field_c92e82c-4\" name=\"form_fields[field_c92e82c]\" required=\"required\"> <label for=\"form-field-field_c92e82c-4\">5<\/label><\/span><\/div>\t\t\t\t<\/div>\n\t\t\t\t\t\t\t\t<div class=\"elementor-field-type-radio elementor-field-group elementor-column elementor-field-group-field_a74383b elementor-col-100 elementor-field-required elementor-mark-required\">\n\t\t\t\t\t\t\t\t\t\t\t\t<label for=\"form-field-field_a74383b\" class=\"elementor-field-label\">\n\t\t\t\t\t\t\t\tKomfort og fasiliteter i hytta? (1\u20135)\t\t\t\t\t\t\t<\/label>\n\t\t\t\t\t\t<div class=\"elementor-field-subgroup  elementor-subgroup-inline\"><span class=\"elementor-field-option\"><input type=\"radio\" value=\"1\" id=\"form-field-field_a74383b-0\" name=\"form_fields[field_a74383b]\" required=\"required\"> <label for=\"form-field-field_a74383b-0\">1<\/label><\/span><span class=\"elementor-field-option\"><input type=\"radio\" value=\"2\" id=\"form-field-field_a74383b-1\" name=\"form_fields[field_a74383b]\" required=\"required\"> <label for=\"form-field-field_a74383b-1\">2<\/label><\/span><span class=\"elementor-field-option\"><input type=\"radio\" value=\"3\" id=\"form-field-field_a74383b-2\" name=\"form_fields[field_a74383b]\" required=\"required\"> <label for=\"form-field-field_a74383b-2\">3<\/label><\/span><span class=\"elementor-field-option\"><input type=\"radio\" value=\"4\" id=\"form-field-field_a74383b-3\" name=\"form_fields[field_a74383b]\" required=\"required\"> <label for=\"form-field-field_a74383b-3\">4<\/label><\/span><span class=\"elementor-field-option\"><input type=\"radio\" value=\"5\" id=\"form-field-field_a74383b-4\" name=\"form_fields[field_a74383b]\" required=\"required\"> <label for=\"form-field-field_a74383b-4\">5<\/label><\/span><\/div>\t\t\t\t<\/div>\n\t\t\t\t\t\t\t\t<div class=\"elementor-field-type-radio elementor-field-group elementor-column elementor-field-group-field_08dbe55 elementor-col-100 elementor-field-required elementor-mark-required\">\n\t\t\t\t\t\t\t\t\t\t\t\t<label for=\"form-field-field_08dbe55\" class=\"elementor-field-label\">\n\t\t\t\t\t\t\t\tRenhold ved ankomst? (1\u20135)\t\t\t\t\t\t\t<\/label>\n\t\t\t\t\t\t<div class=\"elementor-field-subgroup  elementor-subgroup-inline\"><span class=\"elementor-field-option\"><input type=\"radio\" value=\"1\" id=\"form-field-field_08dbe55-0\" name=\"form_fields[field_08dbe55]\" required=\"required\"> <label for=\"form-field-field_08dbe55-0\">1<\/label><\/span><span class=\"elementor-field-option\"><input type=\"radio\" value=\"2\" id=\"form-field-field_08dbe55-1\" name=\"form_fields[field_08dbe55]\" required=\"required\"> <label for=\"form-field-field_08dbe55-1\">2<\/label><\/span><span class=\"elementor-field-option\"><input type=\"radio\" value=\"3\" id=\"form-field-field_08dbe55-2\" name=\"form_fields[field_08dbe55]\" required=\"required\"> <label for=\"form-field-field_08dbe55-2\">3<\/label><\/span><span class=\"elementor-field-option\"><input type=\"radio\" value=\"4\" id=\"form-field-field_08dbe55-3\" name=\"form_fields[field_08dbe55]\" required=\"required\"> <label for=\"form-field-field_08dbe55-3\">4<\/label><\/span><span class=\"elementor-field-option\"><input type=\"radio\" value=\"5\" id=\"form-field-field_08dbe55-4\" name=\"form_fields[field_08dbe55]\" required=\"required\"> <label for=\"form-field-field_08dbe55-4\">5<\/label><\/span><\/div>\t\t\t\t<\/div>\n\t\t\t\t\t\t\t\t<div class=\"elementor-field-type-radio elementor-field-group elementor-column elementor-field-group-field_5c880a2 elementor-col-100 elementor-field-required elementor-mark-required\">\n\t\t\t\t\t\t\t\t\t\t\t\t<label for=\"form-field-field_5c880a2\" class=\"elementor-field-label\">\n\t\t\t\t\t\t\t\tOpplevelsen av omr\u00e5det \/ ro \/ natur? (1\u20135)\t\t\t\t\t\t\t<\/label>\n\t\t\t\t\t\t<div class=\"elementor-field-subgroup  elementor-subgroup-inline\"><span class=\"elementor-field-option\"><input type=\"radio\" value=\"1\" id=\"form-field-field_5c880a2-0\" name=\"form_fields[field_5c880a2]\" required=\"required\"> <label for=\"form-field-field_5c880a2-0\">1<\/label><\/span><span class=\"elementor-field-option\"><input type=\"radio\" value=\"2\" id=\"form-field-field_5c880a2-1\" name=\"form_fields[field_5c880a2]\" required=\"required\"> <label for=\"form-field-field_5c880a2-1\">2<\/label><\/span><span class=\"elementor-field-option\"><input type=\"radio\" value=\"3\" id=\"form-field-field_5c880a2-2\" name=\"form_fields[field_5c880a2]\" required=\"required\"> <label for=\"form-field-field_5c880a2-2\">3<\/label><\/span><span class=\"elementor-field-option\"><input type=\"radio\" value=\"4\" id=\"form-field-field_5c880a2-3\" name=\"form_fields[field_5c880a2]\" required=\"required\"> <label for=\"form-field-field_5c880a2-3\">4<\/label><\/span><span class=\"elementor-field-option\"><input type=\"radio\" value=\"5\" id=\"form-field-field_5c880a2-4\" name=\"form_fields[field_5c880a2]\" required=\"required\"> <label for=\"form-field-field_5c880a2-4\">5<\/label><\/span><\/div>\t\t\t\t<\/div>\n\t\t\t\t\t\t\t\t<div class=\"elementor-field-type-text elementor-field-group elementor-column elementor-field-group-field_ca2c54e elementor-col-100\">\n\t\t\t\t\t\t\t\t\t\t\t\t<label for=\"form-field-field_ca2c54e\" class=\"elementor-field-label\">\n\t\t\t\t\t\t\t\tHva kan vi forbedre? (fritekst \u2013 valgfri)\t\t\t\t\t\t\t<\/label>\n\t\t\t\t\t\t\t\t\t\t\t\t\t\t<input size=\"1\" type=\"text\" name=\"form_fields[field_ca2c54e]\" id=\"form-field-field_ca2c54e\" class=\"elementor-field elementor-size-sm  elementor-field-textual\" placeholder=\"F.eks. booking, info, renhold, fasiliteter, minispa, ankomst\/utsjekk \u2026\">\n\t\t\t\t\t\t\t\t\t\t\t<\/div>\n\t\t\t\t\t\t\t\t<div class=\"elementor-field-type-radio elementor-field-group elementor-column elementor-field-group-field_22a8799 elementor-col-100 elementor-field-required elementor-mark-required\">\n\t\t\t\t\t\t\t\t\t\t\t\t<label for=\"form-field-field_22a8799\" class=\"elementor-field-label\">\n\t\t\t\t\t\t\t\tHvor fant du oss?\t\t\t\t\t\t\t<\/label>\n\t\t\t\t\t\t<div class=\"elementor-field-subgroup  \"><span class=\"elementor-field-option\"><input type=\"radio\" value=\"Google-s\u00f8k\" id=\"form-field-field_22a8799-0\" name=\"form_fields[field_22a8799]\" required=\"required\"> <label for=\"form-field-field_22a8799-0\">Google-s\u00f8k<\/label><\/span><span class=\"elementor-field-option\"><input type=\"radio\" value=\"Google Maps\" id=\"form-field-field_22a8799-1\" name=\"form_fields[field_22a8799]\" required=\"required\"> <label for=\"form-field-field_22a8799-1\">Google Maps<\/label><\/span><span class=\"elementor-field-option\"><input type=\"radio\" value=\"Facebook\" id=\"form-field-field_22a8799-2\" name=\"form_fields[field_22a8799]\" required=\"required\"> <label for=\"form-field-field_22a8799-2\">Facebook<\/label><\/span><span class=\"elementor-field-option\"><input type=\"radio\" value=\"Instagram\" id=\"form-field-field_22a8799-3\" name=\"form_fields[field_22a8799]\" required=\"required\"> <label for=\"form-field-field_22a8799-3\">Instagram<\/label><\/span><span class=\"elementor-field-option\"><input type=\"radio\" value=\"Visit Norway\" id=\"form-field-field_22a8799-4\" name=\"form_fields[field_22a8799]\" required=\"required\"> <label for=\"form-field-field_22a8799-4\">Visit Norway<\/label><\/span><span class=\"elementor-field-option\"><input type=\"radio\" value=\"Fjord Norway\" id=\"form-field-field_22a8799-5\" name=\"form_fields[field_22a8799]\" required=\"required\"> <label for=\"form-field-field_22a8799-5\">Fjord Norway<\/label><\/span><span class=\"elementor-field-option\"><input type=\"radio\" value=\"Truestory\" id=\"form-field-field_22a8799-6\" name=\"form_fields[field_22a8799]\" required=\"required\"> <label for=\"form-field-field_22a8799-6\">Truestory<\/label><\/span><span class=\"elementor-field-option\"><input type=\"radio\" value=\"Anbefaling fra venner\/familie\" id=\"form-field-field_22a8799-7\" name=\"form_fields[field_22a8799]\" required=\"required\"> <label for=\"form-field-field_22a8799-7\">Anbefaling fra venner\/familie<\/label><\/span><span class=\"elementor-field-option\"><input type=\"radio\" value=\"Gavekort\" id=\"form-field-field_22a8799-8\" name=\"form_fields[field_22a8799]\" required=\"required\"> <label for=\"form-field-field_22a8799-8\">Gavekort<\/label><\/span><span class=\"elementor-field-option\"><input type=\"radio\" value=\"Annet\" id=\"form-field-field_22a8799-9\" name=\"form_fields[field_22a8799]\" required=\"required\"> <label for=\"form-field-field_22a8799-9\">Annet<\/label><\/span><\/div>\t\t\t\t<\/div>\n\t\t\t\t\t\t\t\t<div class=\"elementor-field-type-html elementor-field-group elementor-column elementor-field-group-field_ea21016 elementor-col-100\">\n\t\t\t\t\t<div style=\"\n  margin: 34px 0 18px 0;\n  padding: 24px 18px;\n  border: 1px solid rgba(0,0,0,0.12);\n  border-radius: 16px;\n  background: rgba(255,255,255,0.70);\n  text-align: center;\">\n\n  <div style=\"\n    font-size: 24px;\n    font-weight: 700;\n    letter-spacing: 0.2px;\n    margin-bottom: 8px;\">\n    Valgfritt (kan hoppes over)\n  <\/div>\n\n  <div style=\"\n    font-size: 15px;\n    font-weight: 600;\n    line-height: 1.4;\n    opacity: 0.92;\">\n    Fyll ut under hvis du \u00f8nsker at vi kan kontakte deg, eller om du \u00f8nsker \u00e5 gi samtykke til at vi kan bruke tilbakemeldingen som referanse.\n  <\/div>\n\n  <div style=\"\n    margin-top: 10px;\n    font-size: 13px;\n    font-weight: 600;\n    opacity: 0.85;\">\n    Husk at du uansett m\u00e5 trykke <span style=\"font-weight:800;\">SEND<\/span> helt nederst for \u00e5 sende inn tilbakemeldingen.\n  <\/div>\n<\/div>\t\t\t\t<\/div>\n\t\t\t\t\t\t\t\t<div class=\"elementor-field-type-radio elementor-field-group elementor-column elementor-field-group-field_b053c71 elementor-col-100\">\n\t\t\t\t\t\t\t\t\t\t\t\t<label for=\"form-field-field_b053c71\" class=\"elementor-field-label\">\n\t\t\t\t\t\t\t\tKan vi bruke tilbakemeldingen som referanse offentlig?\t\t\t\t\t\t\t<\/label>\n\t\t\t\t\t\t<div class=\"elementor-field-subgroup  \"><span class=\"elementor-field-option\"><input type=\"radio\" value=\"Ja, anonymt\" id=\"form-field-field_b053c71-0\" name=\"form_fields[field_b053c71]\"> <label for=\"form-field-field_b053c71-0\">Ja, anonymt<\/label><\/span><span class=\"elementor-field-option\"><input type=\"radio\" value=\"Ja, med navn\" id=\"form-field-field_b053c71-1\" name=\"form_fields[field_b053c71]\"> <label for=\"form-field-field_b053c71-1\">Ja, med navn<\/label><\/span><span class=\"elementor-field-option\"><input type=\"radio\" value=\"Nei\" id=\"form-field-field_b053c71-2\" name=\"form_fields[field_b053c71]\"> <label for=\"form-field-field_b053c71-2\">Nei<\/label><\/span><\/div>\t\t\t\t<\/div>\n\t\t\t\t\t\t\t\t<div class=\"elementor-field-type-text elementor-field-group elementor-column elementor-field-group-field_26a1f7c elementor-col-100\">\n\t\t\t\t\t\t\t\t\t\t\t\t<label for=\"form-field-field_26a1f7c\" class=\"elementor-field-label\">\n\t\t\t\t\t\t\t\tNavn (valgfritt)\t\t\t\t\t\t\t<\/label>\n\t\t\t\t\t\t\t\t\t\t\t\t\t\t<input size=\"1\" type=\"text\" name=\"form_fields[field_26a1f7c]\" id=\"form-field-field_26a1f7c\" class=\"elementor-field elementor-size-sm  elementor-field-textual\">\n\t\t\t\t\t\t\t\t\t\t\t<\/div>\n\t\t\t\t\t\t\t\t<div class=\"elementor-field-group elementor-column elementor-field-type-submit elementor-col-100 e-form__buttons\">\n\t\t\t\t\t<button class=\"elementor-button elementor-size-sm\" type=\"submit\">\n\t\t\t\t\t\t<span class=\"elementor-button-content-wrapper\">\n\t\t\t\t\t\t\t\t\t\t\t\t\t\t\t\t\t\t\t\t\t\t<span class=\"elementor-button-text\">Send<\/span>\n\t\t\t\t\t\t\t\t\t\t\t\t\t<\/span>\n\t\t\t\t\t<\/button>\n\t\t\t\t<\/div>\n\t\t\t<\/div>\n\t\t<input\n                    class=\"apbct_special_field apbct_email_id__elementor_form\"\n                    name=\"apbct__email_id__elementor_form\"\n                    aria-label=\"apbct__label_id__elementor_form\"\n                    type=\"text\" size=\"30\" maxlength=\"200\" autocomplete=\"off\"\n                    value=\"\"\n                \/><\/form>\n\t\t\t\t\t\t<\/div>\n\t\t\t\t<\/div>\n\t\t\t\t\t<\/div>\n\t\t<\/div>\n\t\t\t\t\t<\/div>\n\t\t<\/section>\n\t\t\t\t<\/div>\n\t\t","protected":false},"excerpt":{"rendered":"<p>Gi oss en tilbakemelding Tar ca. 1 minutt (8 sp\u00f8rsm\u00e5l). Du kan svare helt anonymt. Svarskala:1 = D\u00e5rlig \/ vanskelig5 = Veldig bra \/ veldig enkelt<\/p>","protected":false},"author":1,"featured_media":0,"parent":0,"menu_order":0,"comment_status":"closed","ping_status":"closed","template":"elementor_header_footer","meta":{"inline_featured_image":false,"footnotes":""},"class_list":["post-9896","page","type-page","status-publish","hentry"],"_links":{"self":[{"href":"https:\/\/trekronaa.no\/en\/wp-json\/wp\/v2\/pages\/9896","targetHints":{"allow":["GET"]}}],"collection":[{"href":"https:\/\/trekronaa.no\/en\/wp-json\/wp\/v2\/pages"}],"about":[{"href":"https:\/\/trekronaa.no\/en\/wp-json\/wp\/v2\/types\/page"}],"author":[{"embeddable":true,"href":"https:\/\/trekronaa.no\/en\/wp-json\/wp\/v2\/users\/1"}],"replies":[{"embeddable":true,"href":"https:\/\/trekronaa.no\/en\/wp-json\/wp\/v2\/comments?post=9896"}],"version-history":[{"count":9,"href":"https:\/\/trekronaa.no\/en\/wp-json\/wp\/v2\/pages\/9896\/revisions"}],"predecessor-version":[{"id":10030,"href":"https:\/\/trekronaa.no\/en\/wp-json\/wp\/v2\/pages\/9896\/revisions\/10030"}],"wp:attachment":[{"href":"https:\/\/trekronaa.no\/en\/wp-json\/wp\/v2\/media?parent=9896"}],"curies":[{"name":"wp","href":"https:\/\/api.w.org\/{rel}","templated":true}]}}