{"id":711,"date":"2022-04-02T03:41:25","date_gmt":"2022-04-02T01:41:25","guid":{"rendered":"https:\/\/www.billigrusselogo.no\/?page_id=711"},"modified":"2026-05-01T12:56:52","modified_gmt":"2026-05-01T10:56:52","slug":"nyheter","status":"publish","type":"page","link":"https:\/\/trekronaa.no\/en\/nyheter\/","title":{"rendered":"News"},"content":{"rendered":"<div data-elementor-type=\"wp-page\" data-elementor-id=\"711\" class=\"elementor elementor-711\" data-elementor-post-type=\"page\">\n\t\t\t\t\t\t<section class=\"elementor-section elementor-top-section elementor-element elementor-element-302e3a1 elementor-section-boxed elementor-section-height-default elementor-section-height-default\" data-id=\"302e3a1\" data-element_type=\"section\" data-e-type=\"section\">\n\t\t\t\t\t\t<div class=\"elementor-container elementor-column-gap-default\">\n\t\t\t\t\t<div class=\"elementor-column elementor-col-100 elementor-top-column elementor-element elementor-element-b355c1d\" data-id=\"b355c1d\" data-element_type=\"column\" data-e-type=\"column\">\n\t\t\t<div class=\"elementor-widget-wrap elementor-element-populated\">\n\t\t\t\t\t\t<div class=\"elementor-element elementor-element-7e1a5df elementor-widget elementor-widget-heading\" data-id=\"7e1a5df\" data-element_type=\"widget\" data-e-type=\"widget\" data-widget_type=\"heading.default\">\n\t\t\t\t<div class=\"elementor-widget-container\">\n\t\t\t\t\t<h2 class=\"elementor-heading-title elementor-size-default\">News<\/h2>\t\t\t\t<\/div>\n\t\t\t\t<\/div>\n\t\t\t\t\t<\/div>\n\t\t<\/div>\n\t\t\t\t\t<\/div>\n\t\t<\/section>\n\t\t\t\t<section class=\"elementor-section elementor-top-section elementor-element elementor-element-4212e0d elementor-section-boxed elementor-section-height-default elementor-section-height-default\" data-id=\"4212e0d\" data-element_type=\"section\" data-e-type=\"section\">\n\t\t\t\t\t\t<div class=\"elementor-container elementor-column-gap-default\">\n\t\t\t\t\t<div class=\"elementor-column elementor-col-50 elementor-top-column elementor-element elementor-element-c1dabeb\" data-id=\"c1dabeb\" data-element_type=\"column\" data-e-type=\"column\">\n\t\t\t<div class=\"elementor-widget-wrap elementor-element-populated\">\n\t\t\t\t\t\t<div class=\"elementor-element elementor-element-60f68ad elementor-widget elementor-widget-elementskit-blog-posts\" data-id=\"60f68ad\" data-element_type=\"widget\" data-e-type=\"widget\" data-widget_type=\"elementskit-blog-posts.default\">\n\t\t\t\t<div class=\"elementor-widget-container\">\n\t\t\t\t\t<div class=\"ekit-wid-con\" >        <div id=\"post-items--60f68ad\" class=\"row post-items\">\n                    <div class=\"col-lg-6 col-md-6\">\n\n                                    <div class=\"elementskit-post-image-card\">\n                        <div class=\"elementskit-entry-header\">\n                                                            <a href=\"https:\/\/trekronaa.no\/en\/en-populaer-gave-er-blitt-enda-enklere-a-gi\/\" class=\"elementskit-entry-thumb\">\n                                    <img decoding=\"async\" src=\"https:\/\/trekronaa.no\/wp-content\/uploads\/2026\/04\/trekrona-gavekort.jpg\" alt=\"En popul\u00e6r gave er blitt enda enklere \u00e5 gi\">\n                                <\/a><!-- .elementskit-entry-thumb END -->\n                                                            \n                            \n\t\t\t\t\t\t\t\t\t\t\t\t\t<\/div><!-- .elementskit-entry-header END -->\n\n\t\t\t\t\t\t<div class=\"elementskit-post-body\">\n\t\t\t\t\t\t\t\n\t\t\t\t\t\t\t\t\t\t\t\t\t\t\t\t\t\t\t\t\t\t\t\t\t\n\t\t\t\t\t\t\t\t\n\t\t\t\t\t\t\t\t\t\t\t\t\t\t\t\t\t\t\t\t\t<h2 class=\"entry-title\">\n\t\t\t\t\t<a href=\"https:\/\/trekronaa.no\/en\/en-populaer-gave-er-blitt-enda-enklere-a-gi\/\">\n\t\t\t\t\t\tEn popul\u00e6r gave er blitt enda enklere \u00e5 gi\t\t\t\t\t<\/a>\n\t\t\t\t<\/h2>\n\t\t\t\t\t\t\t\t\t\t\t\t\t\t\t\t\t\t\t\t\t\t\t\t\t\t\t\t\t\t\t\t                                                            <div class=\"btn-wraper\">\n                                                                            <a class=\"elementskit-btn whitespace--normal\" id=\"\" href=\"https:\/\/trekronaa.no\/en\/en-populaer-gave-er-blitt-enda-enklere-a-gi\/\">\n                                            Les mer                                                                                    <\/a>\n                                    \n                                                                    <\/div>\n                                                    <\/div><!-- .elementskit-post-body END -->\n                    <\/div>\n                \n            <\/div>\n                <\/div>\n       <\/div>\t\t\t\t<\/div>\n\t\t\t\t<\/div>\n\t\t\t\t\t<\/div>\n\t\t<\/div>\n\t\t\t\t<div class=\"elementor-column elementor-col-50 elementor-top-column elementor-element elementor-element-aa628b8\" data-id=\"aa628b8\" data-element_type=\"column\" data-e-type=\"column\">\n\t\t\t<div class=\"elementor-widget-wrap elementor-element-populated\">\n\t\t\t\t\t\t<div class=\"elementor-element elementor-element-d3916bb elementor-widget elementor-widget-html\" data-id=\"d3916bb\" data-element_type=\"widget\" data-e-type=\"widget\" data-widget_type=\"html.default\">\n\t\t\t\t<div class=\"elementor-widget-container\">\n\t\t\t\t\t<div style=\"  background:#ffffff;  border-radius:18px;  padding:24px;  box-shadow:0 14px 35px rgba(0,0,0,0.08);  border:1px solid rgba(0,0,0,0.06);  box-sizing:border-box;  width:100%;\">\r\n\r\n  <div style=\"margin-bottom:20px;\">\r\n    <h2 style=\"      font-size:22px;      line-height:1.25;      margin:0 0 8px 0;      color:#111111;      font-weight:700;    \">\r\n      F\u00f8lg oss p\u00e5 Facebook\r\n    <\/h2>\r\n\r\n    <p style=\"      font-size:15px;      line-height:1.5;      margin:0;      color:#555555;    \">\r\n      Se siste innlegg, bilder og oppdateringer fra Trekron\u00e5.\r\n    <\/p>\r\n  <\/div>\r\n\r\n  <div style=\"    width:100%;    max-width:500px;    margin:0 auto;    overflow:hidden;    border-radius:12px;  \">\r\n    <iframe \r\n      src=\"https:\/\/www.facebook.com\/plugins\/page.php?href=https%3A%2F%2Fwww.facebook.com%2Ftrekronaogna&tabs=timeline&width=500&height=700&small_header=false&adapt_container_width=true&hide_cover=false&show_facepile=false\"\r\n      width=\"500\"\r\n      height=\"700\"\r\n      style=\"        border:none;        overflow:hidden;        width:100%;        max-width:500px;        display:block;      \"\r\n      scrolling=\"no\"\r\n      frameborder=\"0\"\r\n      allowfullscreen=\"true\"\r\n      allow=\"autoplay; clipboard-write; encrypted-media; picture-in-picture; web-share\">\r\n    <\/iframe>\r\n  <\/div>\r\n\r\n  <a href=\"https:\/\/www.facebook.com\/trekronaogna\" target=\"_blank\" rel=\"noopener\" style=\"    display:flex;    align-items:center;    justify-content:center;    margin-top:18px;    width:100%;    padding:13px 18px;    background:#e2bd32;    color:#ffffff;    font-weight:700;    text-decoration:none;    border-radius:10px;    box-sizing:border-box;  \">\r\n    G\u00e5 til Facebook-siden\r\n  <\/a>\r\n\r\n<\/div>\t\t\t\t<\/div>\n\t\t\t\t<\/div>\n\t\t\t\t\t<\/div>\n\t\t<\/div>\n\t\t\t\t\t<\/div>\n\t\t<\/section>\n\t\t\t\t<\/div>","protected":false},"excerpt":{"rendered":"<p>Nyheter En popul\u00e6r gave er blitt enda enklere \u00e5 gi Les mer F\u00f8lg oss p\u00e5 Facebook Se siste innlegg, bilder og oppdateringer fra Trekron\u00e5. G\u00e5 til Facebook-siden<\/p>","protected":false},"author":1,"featured_media":0,"parent":0,"menu_order":0,"comment_status":"closed","ping_status":"closed","template":"elementor_header_footer","meta":{"inline_featured_image":false,"footnotes":""},"class_list":["post-711","page","type-page","status-publish","hentry"],"_links":{"self":[{"href":"https:\/\/trekronaa.no\/en\/wp-json\/wp\/v2\/pages\/711","targetHints":{"allow":["GET"]}}],"collection":[{"href":"https:\/\/trekronaa.no\/en\/wp-json\/wp\/v2\/pages"}],"about":[{"href":"https:\/\/trekronaa.no\/en\/wp-json\/wp\/v2\/types\/page"}],"author":[{"embeddable":true,"href":"https:\/\/trekronaa.no\/en\/wp-json\/wp\/v2\/users\/1"}],"replies":[{"embeddable":true,"href":"https:\/\/trekronaa.no\/en\/wp-json\/wp\/v2\/comments?post=711"}],"version-history":[{"count":18,"href":"https:\/\/trekronaa.no\/en\/wp-json\/wp\/v2\/pages\/711\/revisions"}],"predecessor-version":[{"id":10502,"href":"https:\/\/trekronaa.no\/en\/wp-json\/wp\/v2\/pages\/711\/revisions\/10502"}],"wp:attachment":[{"href":"https:\/\/trekronaa.no\/en\/wp-json\/wp\/v2\/media?parent=711"}],"curies":[{"name":"wp","href":"https:\/\/api.w.org\/{rel}","templated":true}]}}