{"id":38,"date":"2022-03-30T20:51:52","date_gmt":"2022-03-30T18:51:52","guid":{"rendered":"https:\/\/www.billigrusselogo.no\/about-us\/"},"modified":"2024-10-14T15:03:51","modified_gmt":"2024-10-14T13:03:51","slug":"om-oss","status":"publish","type":"page","link":"https:\/\/trekronaa.no\/en\/om-oss\/","title":{"rendered":"About us"},"content":{"rendered":"\t\t<div data-elementor-type=\"wp-page\" data-elementor-id=\"38\" class=\"elementor elementor-38\" data-elementor-post-type=\"page\">\n\t\t\t\t\t\t<section class=\"elementor-section elementor-top-section elementor-element elementor-element-15620d4 elementor-section-full_width elementor-reverse-tablet elementor-reverse-mobile elementor-section-height-default elementor-section-height-default\" data-id=\"15620d4\" data-element_type=\"section\" data-e-type=\"section\">\n\t\t\t\t\t\t<div class=\"elementor-container elementor-column-gap-no\">\n\t\t\t\t\t<div class=\"elementor-column elementor-col-50 elementor-top-column elementor-element elementor-element-395d786b elementor-hidden-mobile\" data-id=\"395d786b\" data-element_type=\"column\" data-e-type=\"column\">\n\t\t\t<div class=\"elementor-widget-wrap elementor-element-populated\">\n\t\t\t\t\t\t<div class=\"elementor-element elementor-element-7ab5c6af elementor-widget__width-initial animated-slow elementor-widget-tablet__width-initial elementor-widget-mobile__width-initial elementor-invisible elementor-widget elementor-widget-spacer\" data-id=\"7ab5c6af\" data-element_type=\"widget\" data-e-type=\"widget\" data-settings=\"{&quot;motion_fx_motion_fx_scrolling&quot;:&quot;yes&quot;,&quot;motion_fx_translateY_effect&quot;:&quot;yes&quot;,&quot;motion_fx_translateY_affectedRange&quot;:{&quot;unit&quot;:&quot;%&quot;,&quot;size&quot;:&quot;&quot;,&quot;sizes&quot;:{&quot;start&quot;:67,&quot;end&quot;:100}},&quot;motion_fx_translateY_direction&quot;:&quot;negative&quot;,&quot;_animation&quot;:&quot;fadeInDown&quot;,&quot;motion_fx_translateY_speed&quot;:{&quot;unit&quot;:&quot;px&quot;,&quot;size&quot;:10,&quot;sizes&quot;:[]},&quot;motion_fx_devices&quot;:[&quot;desktop&quot;,&quot;tablet&quot;,&quot;mobile&quot;]}\" data-widget_type=\"spacer.default\">\n\t\t\t\t<div class=\"elementor-widget-container\">\n\t\t\t\t\t\t\t<div class=\"elementor-spacer\">\n\t\t\t<div class=\"elementor-spacer-inner\"><\/div>\n\t\t<\/div>\n\t\t\t\t\t\t<\/div>\n\t\t\t\t<\/div>\n\t\t\t\t\t<\/div>\n\t\t<\/div>\n\t\t\t\t<div class=\"elementor-column elementor-col-50 elementor-top-column elementor-element elementor-element-275a14e8\" data-id=\"275a14e8\" data-element_type=\"column\" data-e-type=\"column\">\n\t\t\t<div class=\"elementor-widget-wrap elementor-element-populated\">\n\t\t\t\t\t\t<div class=\"elementor-element elementor-element-cc1b836 elementor-widget elementor-widget-heading\" data-id=\"cc1b836\" data-element_type=\"widget\" data-e-type=\"widget\" data-widget_type=\"heading.default\">\n\t\t\t\t<div class=\"elementor-widget-container\">\n\t\t\t\t\t<h2 class=\"elementor-heading-title elementor-size-default\">Om oss<\/h2>\t\t\t\t<\/div>\n\t\t\t\t<\/div>\n\t\t\t\t<div class=\"elementor-element elementor-element-db38db7 elementor-widget elementor-widget-text-editor\" data-id=\"db38db7\" data-element_type=\"widget\" data-e-type=\"widget\" data-widget_type=\"text-editor.default\">\n\t\t\t\t<div class=\"elementor-widget-container\">\n\t\t\t\t\t\t\t\t\t<p>T\u00f8mmermannen Henrik Stokkeland, sammen med Lene, som er vernepleier, er gr\u00fcnderene bak Trekron\u00e5.<\/p><p>Da Norge var i lockdown v\u00e5ren 2020, begynte de f\u00f8rste tankene rundt prosjektet tretopp hytter p\u00e5 Ogna \u00e5 spinne hos oss. Kunne vi f\u00e5 til noe spesielt for folk rundt oss som trengte gode og positive opplevelser og som ikke ville bli stoppet av dette viruset som n\u00e5 omgav oss? Etter hvert ble tanker gjort om til handlinger og allerede vinteren 2020 var prosjektet ferdig tegnet av v\u00e5r dyktige arkitekt Manuela Hardy og godkjent av kommunen. V\u00e5ren 2021 startet byggingen av v\u00e5re to flotte tretopp-hytter p\u00e5 stylter i skogen p\u00e5 Ogna. Etter en del forsinkelser, grunnet b\u00e5de covid-19 og noen fotskader, kunne vi endelig \u00f8nske v\u00e5re f\u00f8rste gjester velkommen til Trekron\u00e5 15.desember 2021. Stor stas.<\/p><p>\u00abVi i Trekron\u00e5 vil gj\u00f8re v\u00e5rt aller beste for at du skal trives hos oss. Vi er levende opptatt av Trekron\u00e5 og vi synes selv dette er en helt unik og vakker plass; og h\u00e5per du vil dele gleden med oss. M\u00e5let v\u00e5rt er at oppholdet i Trekronene skal v\u00e6re et pusterom du sent vil glemme. Ett sted for rekreasjon, ny giv og gode minner. Helt alene eller sammen med gode venner.\u00bb<\/p><p>Ta gjerne <a href=\"https:\/\/trekronaa.no\/kontakt-oss\/\">kontakt med oss<\/a> om du lurer p\u00e5 noe!<\/p>\t\t\t\t\t\t\t\t<\/div>\n\t\t\t\t<\/div>\n\t\t\t\t<div class=\"elementor-element elementor-element-fa9d2cd elementor-align-left elementor-widget elementor-widget-button\" data-id=\"fa9d2cd\" data-element_type=\"widget\" data-e-type=\"widget\" data-widget_type=\"button.default\">\n\t\t\t\t<div class=\"elementor-widget-container\">\n\t\t\t\t\t\t\t\t\t<div class=\"elementor-button-wrapper\">\n\t\t\t\t\t<a class=\"elementor-button elementor-button-link elementor-size-sm\" href=\"https:\/\/trekronaa.no\/kontakt-oss\/\">\n\t\t\t\t\t\t<span class=\"elementor-button-content-wrapper\">\n\t\t\t\t\t\t\t\t\t<span class=\"elementor-button-text\">Kontakt oss<\/span>\n\t\t\t\t\t<\/span>\n\t\t\t\t\t<\/a>\n\t\t\t\t<\/div>\n\t\t\t\t\t\t\t\t<\/div>\n\t\t\t\t<\/div>\n\t\t\t\t\t<\/div>\n\t\t<\/div>\n\t\t\t\t\t<\/div>\n\t\t<\/section>\n\t\t\t\t<\/div>\n\t\t","protected":false},"excerpt":{"rendered":"<p>Om oss T\u00f8mmermannen Henrik Stokkeland, sammen med Lene, som er vernepleier, er gr\u00fcnderene bak Trekron\u00e5. Da Norge var i lockdown v\u00e5ren 2020, begynte de f\u00f8rste tankene rundt prosjektet tretopp hytter p\u00e5 Ogna \u00e5 spinne hos oss. Kunne vi f\u00e5 til noe spesielt for folk rundt oss som trengte gode og positive opplevelser og som ikke [&hellip;]<\/p>\n","protected":false},"author":1,"featured_media":0,"parent":0,"menu_order":0,"comment_status":"closed","ping_status":"closed","template":"elementor_header_footer","meta":{"inline_featured_image":false,"footnotes":""},"class_list":["post-38","page","type-page","status-publish","hentry"],"_links":{"self":[{"href":"https:\/\/trekronaa.no\/en\/wp-json\/wp\/v2\/pages\/38","targetHints":{"allow":["GET"]}}],"collection":[{"href":"https:\/\/trekronaa.no\/en\/wp-json\/wp\/v2\/pages"}],"about":[{"href":"https:\/\/trekronaa.no\/en\/wp-json\/wp\/v2\/types\/page"}],"author":[{"embeddable":true,"href":"https:\/\/trekronaa.no\/en\/wp-json\/wp\/v2\/users\/1"}],"replies":[{"embeddable":true,"href":"https:\/\/trekronaa.no\/en\/wp-json\/wp\/v2\/comments?post=38"}],"version-history":[{"count":0,"href":"https:\/\/trekronaa.no\/en\/wp-json\/wp\/v2\/pages\/38\/revisions"}],"wp:attachment":[{"href":"https:\/\/trekronaa.no\/en\/wp-json\/wp\/v2\/media?parent=38"}],"curies":[{"name":"wp","href":"https:\/\/api.w.org\/{rel}","templated":true}]}}