{"id":1748,"date":"2022-04-24T01:50:10","date_gmt":"2022-04-23T23:50:10","guid":{"rendered":"https:\/\/www.billigrusselogo.no\/?page_id=1748"},"modified":"2024-12-15T16:17:06","modified_gmt":"2024-12-15T15:17:06","slug":"personvernerklaering","status":"publish","type":"page","link":"https:\/\/trekronaa.no\/en\/personvernerklaering\/","title":{"rendered":"Privacy statement"},"content":{"rendered":"<div data-elementor-type=\"wp-page\" data-elementor-id=\"1748\" class=\"elementor elementor-1748\" data-elementor-post-type=\"page\">\n\t\t\t\t\t\t<section class=\"elementor-section elementor-top-section elementor-element elementor-element-136b678 elementor-section-full_width elementor-section-height-default elementor-section-height-default\" data-id=\"136b678\" data-element_type=\"section\" data-e-type=\"section\">\n\t\t\t\t\t\t<div class=\"elementor-container elementor-column-gap-default\">\n\t\t\t\t\t<div class=\"elementor-column elementor-col-100 elementor-top-column elementor-element elementor-element-3e9085e\" data-id=\"3e9085e\" data-element_type=\"column\" data-e-type=\"column\">\n\t\t\t<div class=\"elementor-widget-wrap elementor-element-populated\">\n\t\t\t\t\t\t<div class=\"elementor-element elementor-element-30650e3 elementor-widget elementor-widget-heading\" data-id=\"30650e3\" data-element_type=\"widget\" data-e-type=\"widget\" data-widget_type=\"heading.default\">\n\t\t\t\t<div class=\"elementor-widget-container\">\n\t\t\t\t\t<h2 class=\"elementor-heading-title elementor-size-default\">Privacy statement<\/h2>\t\t\t\t<\/div>\n\t\t\t\t<\/div>\n\t\t\t\t<div class=\"elementor-element elementor-element-39dc6f2 elementor-widget elementor-widget-text-editor\" data-id=\"39dc6f2\" data-element_type=\"widget\" data-e-type=\"widget\" data-widget_type=\"text-editor.default\">\n\t\t\t\t<div class=\"elementor-widget-container\">\n\t\t\t\t\t\t\t\t\t<section class=\"elementor-section elementor-top-section elementor-element elementor-element-6c003c6 elementor-section-boxed elementor-section-height-default elementor-section-height-default\" data-id=\"6c003c6\" data-element_type=\"section\"><div class=\"elementor-container elementor-column-gap-default\"><div class=\"elementor-column elementor-col-100 elementor-top-column elementor-element elementor-element-ec38dd7\" data-id=\"ec38dd7\" data-element_type=\"column\"><div class=\"elementor-widget-wrap elementor-element-populated\"><div class=\"elementor-element elementor-element-b8562f1 elementor-widget elementor-widget-heading\" data-id=\"b8562f1\" data-element_type=\"widget\" data-widget_type=\"heading.default\"><div class=\"elementor-widget-container\"><p><strong>1. Controller of processing<\/strong><br \/>Turistheimen AS, org.nr. 926 880 179, Kvimarka 75, 4365 N\u00e6rb\u00f8, is responsible for the processing of personal data. If you have any questions about how we process your information, you can contact us by email: <a href=\"mailto:post@trekronaa.no\" rel=\"noopener\">post@trekronaa.no<\/a>.<\/p><hr \/><p><strong>2. What information we collect<\/strong><br \/>We process the following personal data in order to provide our services:<\/p><ul><li>Name, email address and telephone number (when ordering and contacting).<\/li><li>Payment information, when you use Stripe or Vipps as a payment solution.<\/li><li>Information related to your booking, including cabin type, dates and additional services.<\/li><\/ul><p>We only collect information that is necessary to fulfill our obligations to you.<\/p><hr \/><p><strong>3. Purpose and legal basis for processing<\/strong><br \/>Your information is processed for the following purposes:<\/p><ul><li><strong>Fulfillment of orders<\/strong>: Processing of information to be able to deliver the services you have ordered, including payment.<\/li><li><strong>Customer service<\/strong>: To be able to answer questions and provide you with relevant information.<\/li><li><strong>Fulfillment of legal requirements<\/strong>: Retention of information in accordance with accounting and bookkeeping legislation.<\/li><\/ul><p>The legal basis for the processing is the fulfillment of a contract (GDPR Art. 6.1 b) and legal obligations (GDPR Art. 6.1 c).<\/p><hr \/><p><strong>4. Sharing of information<\/strong><br \/>We only share your information with:<\/p><ul><li><strong>Third-party payment solutions<\/strong>: Stripe and Vipps, to handle payments.<\/li><li><strong>Public authorities<\/strong>: If we are required to do so in accordance with legislation.<\/li><\/ul><p>All third-party providers we use are obligated to protect your information in accordance with GDPR.<\/p><hr \/><p><strong>5. Storage and deletion<\/strong><br \/>Your information is stored for as long as necessary for the purpose of the processing:<\/p><ul><li>Order and payment information is kept for up to 5 years to meet the requirements of the Accounting Act.<\/li><li>Information that is no longer needed is deleted or anonymized.<\/li><\/ul><hr \/><p><strong>6. Your rights<\/strong><br \/>You have the right to:<\/p><ul><li><strong>Transparency<\/strong>: Access what information we have stored about you.<\/li><li><strong>Correction<\/strong>: Have incorrect or incomplete information corrected.<\/li><li><strong>Deletion<\/strong>: Request that information be deleted, unless we are required to retain it.<\/li><li><strong>Restriction<\/strong>: Request that processing be restricted in certain cases.<\/li><li><strong>Data portability<\/strong>: Receive your information in a structured format.<\/li><li><strong>Complain<\/strong>: Complain to the Norwegian Data Protection Authority if you believe we are processing your information in violation of the regulations.<\/li><\/ul><p>Contact us at <a href=\"mailto:post@trekronaa.no\" rel=\"noopener\">post@trekronaa.no<\/a> to exercise your rights.<\/p><hr \/><p><strong>7. Security<\/strong><br \/>We use secure and encrypted solutions to protect your information from unauthorized access, loss or misuse.<\/p><hr \/><p><strong>8. Changes to the Privacy Policy<\/strong><br \/>This statement may be updated as necessary to reflect changes in our processing of personal data. The most recent version will always be available on our website.<\/p><hr \/><p><strong>9. Contact information<\/strong><br \/>For questions about this privacy policy or the processing of your information, please contact us:<\/p><p>Turistheimen AS<br \/>Kvimarka 75, 4365 N\u00e6rb\u00f8<br \/>Email: <a href=\"mailto:post@trekronaa.no\" rel=\"noopener\">post@trekronaa.no<\/a><\/p><hr \/><p><strong>Last updated: November 23, 2024<\/strong><\/p><\/div><\/div><\/div><\/div><\/div><\/section>\t\t\t\t\t\t\t\t<\/div>\n\t\t\t\t<\/div>\n\t\t\t\t\t<\/div>\n\t\t<\/div>\n\t\t\t\t\t<\/div>\n\t\t<\/section>\n\t\t\t\t<\/div>","protected":false},"excerpt":{"rendered":"<p>Personvernerkl\u00e6ring 1. BehandlingsansvarligTuristheimen AS, org.nr. 926 880 179, Kvimarka 75, 4365 N\u00e6rb\u00f8, er ansvarlig for behandlingen av personopplysninger. Har du sp\u00f8rsm\u00e5l om hvordan vi behandler dine opplysninger, kan du kontakte oss p\u00e5 e-post: post@trekronaa.no. 2. Hvilke opplysninger vi samler innVi behandler f\u00f8lgende personopplysninger for \u00e5 kunne levere v\u00e5re tjenester: Navn, e-postadresse og telefonnummer (ved bestilling [&hellip;]<\/p>\n","protected":false},"author":1,"featured_media":0,"parent":0,"menu_order":0,"comment_status":"closed","ping_status":"closed","template":"elementor_header_footer","meta":{"inline_featured_image":false,"footnotes":""},"class_list":["post-1748","page","type-page","status-publish","hentry"],"_links":{"self":[{"href":"https:\/\/trekronaa.no\/en\/wp-json\/wp\/v2\/pages\/1748","targetHints":{"allow":["GET"]}}],"collection":[{"href":"https:\/\/trekronaa.no\/en\/wp-json\/wp\/v2\/pages"}],"about":[{"href":"https:\/\/trekronaa.no\/en\/wp-json\/wp\/v2\/types\/page"}],"author":[{"embeddable":true,"href":"https:\/\/trekronaa.no\/en\/wp-json\/wp\/v2\/users\/1"}],"replies":[{"embeddable":true,"href":"https:\/\/trekronaa.no\/en\/wp-json\/wp\/v2\/comments?post=1748"}],"version-history":[{"count":0,"href":"https:\/\/trekronaa.no\/en\/wp-json\/wp\/v2\/pages\/1748\/revisions"}],"wp:attachment":[{"href":"https:\/\/trekronaa.no\/en\/wp-json\/wp\/v2\/media?parent=1748"}],"curies":[{"name":"wp","href":"https:\/\/api.w.org\/{rel}","templated":true}]}}