{"id":1740,"date":"2022-04-24T01:47:29","date_gmt":"2022-04-23T23:47:29","guid":{"rendered":"https:\/\/www.billigrusselogo.no\/?page_id=1740"},"modified":"2024-10-26T08:58:09","modified_gmt":"2024-10-26T06:58:09","slug":"vilkar","status":"publish","type":"page","link":"https:\/\/trekronaa.no\/en\/vilkar\/","title":{"rendered":"Terms"},"content":{"rendered":"<div data-elementor-type=\"wp-page\" data-elementor-id=\"1740\" class=\"elementor elementor-1740\" data-elementor-post-type=\"page\">\n\t\t\t\t\t\t<section class=\"elementor-section elementor-top-section elementor-element elementor-element-6644f25 elementor-section-full_width elementor-section-height-default elementor-section-height-default\" data-id=\"6644f25\" data-element_type=\"section\" data-e-type=\"section\">\n\t\t\t\t\t\t<div class=\"elementor-container elementor-column-gap-default\">\n\t\t\t\t\t<div class=\"elementor-column elementor-col-100 elementor-top-column elementor-element elementor-element-cfee8f1\" data-id=\"cfee8f1\" data-element_type=\"column\" data-e-type=\"column\">\n\t\t\t<div class=\"elementor-widget-wrap elementor-element-populated\">\n\t\t\t\t\t\t<div class=\"elementor-element elementor-element-34df093 elementor-widget elementor-widget-heading\" data-id=\"34df093\" data-element_type=\"widget\" data-e-type=\"widget\" data-widget_type=\"heading.default\">\n\t\t\t\t<div class=\"elementor-widget-container\">\n\t\t\t\t\t<h2 class=\"elementor-heading-title elementor-size-default\">Terms and conditions<\/h2>\t\t\t\t<\/div>\n\t\t\t\t<\/div>\n\t\t\t\t<div class=\"elementor-element elementor-element-8e16339 elementor-widget elementor-widget-text-editor\" data-id=\"8e16339\" data-element_type=\"widget\" data-e-type=\"widget\" data-widget_type=\"text-editor.default\">\n\t\t\t\t<div class=\"elementor-widget-container\">\n\t\t\t\t\t\t\t\t\t<div class=\"hotel-policy\"><div class=\"check-in-out\"><p><strong>Conditions for ordering and renting treetop cabins - Trekron\u00e5<\/strong><\/p><p>These terms and conditions apply to booking and renting our treetop cabins through trekronaa.no. The agreement is binding for both parties when Turistheimen AS has registered your order.<\/p><p><strong>The contracting parties<\/strong><br \/>These conditions apply between you and Turistheimen AS - org. No. 926 880 179 VAT \u2013 Kvimarka, 4365 N\u00e6rb\u00f8.<\/p><p><strong>The tenancy includes<\/strong><br \/>The rental agreement covers a stay in one or both of our treetop cabins, including any additional services ordered via trekronaa.no or physically through Vipps. Turistheimen AS reserves the right to make changes to the products and services, as well as add or remove additional products.<\/p><p><strong>Check-in and check-out<\/strong><\/p><ul><li><strong>Check-in:<\/strong> from 15:00<\/li><li><strong>Check-out:<\/strong> at 11:00<br \/>The tenant must be over 20 years of age and is responsible for the cabin, fixtures and associated areas during the stay. The cabin and the area must be left in the same condition as on arrival. Any damage to the cabin, furniture or the area as a result of negligence can be invoiced to the tenant.<\/li><\/ul><p><strong>Pets and smoking<\/strong><br \/>Pets are not allowed in the cabins due to allergy concerns. Smoking is not permitted in or in the immediate vicinity of the cabins.<\/p><p><strong>Complaint<\/strong><br \/>Missings or damages must be reported as soon as possible to post@trekronaa.no. Turistheimen AS's liability in the event of a complaint is limited to the amount paid for the cabin in the relevant period. Follow-up costs are not covered.<\/p><p><strong>Rights and responsibilities<\/strong><br \/>The tenant is responsible for the cabin and equipment during the stay. Damages resulting from improper use will be invoiced. The tenancy is personal and cannot be transferred without a written agreement with Turistheimen AS.<\/p><p><strong>Cancellation and duration of tenancy<\/strong><br \/>The tenancy only applies to the period for which it has been ordered and paid for.<\/p><ul><li><strong>Cancellation up to four weeks before the stay:<\/strong> 100% refund minus a fee of NOK 249<\/li><li><strong>Cancellation up to two weeks before the stay:<\/strong> 50% refund minus NOK 249 fee<\/li><li><strong>Cancellation later than two weeks before the stay:<\/strong> No refund<\/li><\/ul><p>Cancellation must be sent by e-mail to post@trekronaa.no. In case of cancellation due to illness, contact with your travel insurance is recommended. In the event of unforeseen events beyond our control, such as weather and climate, the stay may be canceled by Turistheimen AS.<\/p><p><strong>Right of withdrawal<\/strong><br \/>The right of cancellation applies up to 14 days before the rental date, provided that the stay has not started, in accordance with the Right of Cancellation Act. If the order is made within 14 days before the stay, the right of cancellation does not apply.<\/p><p><strong>Privacy policy<\/strong><br \/>By accepting these terms, you agree that Turistheimen AS can process your personal data in line with our privacy policy.<\/p><p><strong>Prices and payment<\/strong><br \/>All stated prices on trekronaa.no include VAT. Payment for accommodation and additional services can be made online by card or Vipps, as well as physically via Vipps. Turistheimen AS reserves the right to change prices on future bookings.<\/p><p><strong>Changes of Terms<\/strong><br \/>These terms apply from the conclusion of the agreement and until new terms are published on trekronaa.no.<\/p><p><strong>Terms last updated:<\/strong> 25 October 2024.<\/p><\/div><\/div>\t\t\t\t\t\t\t\t<\/div>\n\t\t\t\t<\/div>\n\t\t\t\t\t<\/div>\n\t\t<\/div>\n\t\t\t\t\t<\/div>\n\t\t<\/section>\n\t\t\t\t<\/div>","protected":false},"excerpt":{"rendered":"<p>Vilk\u00e5r og betingelser Vilk\u00e5r for bestilling og leie av tretopphytter \u2013 Trekron\u00e5 Disse vilk\u00e5rene gjelder for bestilling og leie av v\u00e5re tretopphytter gjennom trekronaa.no. Avtalen er bindende for begge parter n\u00e5r Turistheimen AS har registrert din bestilling. AvtaleparteneDisse betingelsene gjelder mellom deg og Turistheimen AS \u2013 org. nr. 926 880 179 mva \u2013 Kvimarka, 4365 [&hellip;]<\/p>\n","protected":false},"author":1,"featured_media":0,"parent":0,"menu_order":0,"comment_status":"closed","ping_status":"closed","template":"elementor_header_footer","meta":{"inline_featured_image":false,"footnotes":""},"class_list":["post-1740","page","type-page","status-publish","hentry"],"_links":{"self":[{"href":"https:\/\/trekronaa.no\/en\/wp-json\/wp\/v2\/pages\/1740","targetHints":{"allow":["GET"]}}],"collection":[{"href":"https:\/\/trekronaa.no\/en\/wp-json\/wp\/v2\/pages"}],"about":[{"href":"https:\/\/trekronaa.no\/en\/wp-json\/wp\/v2\/types\/page"}],"author":[{"embeddable":true,"href":"https:\/\/trekronaa.no\/en\/wp-json\/wp\/v2\/users\/1"}],"replies":[{"embeddable":true,"href":"https:\/\/trekronaa.no\/en\/wp-json\/wp\/v2\/comments?post=1740"}],"version-history":[{"count":0,"href":"https:\/\/trekronaa.no\/en\/wp-json\/wp\/v2\/pages\/1740\/revisions"}],"wp:attachment":[{"href":"https:\/\/trekronaa.no\/en\/wp-json\/wp\/v2\/media?parent=1740"}],"curies":[{"name":"wp","href":"https:\/\/api.w.org\/{rel}","templated":true}]}}